{"id":2224,"date":"2022-01-31T11:35:53","date_gmt":"2022-01-31T10:35:53","guid":{"rendered":"https:\/\/www.burbunet.com\/automocio\/"},"modified":"2022-02-03T12:21:52","modified_gmt":"2022-02-03T11:21:52","slug":"automocio","status":"publish","type":"page","link":"https:\/\/www.burbunet.com\/ca\/automocio\/","title":{"rendered":"Automoci\u00f3"},"content":{"rendered":"\t\t<div data-elementor-type=\"wp-page\" data-elementor-id=\"2224\" class=\"elementor elementor-2224 elementor-738\" data-elementor-post-type=\"page\">\n\t\t\t\t\t\t<section class=\"elementor-section elementor-top-section elementor-element elementor-element-6c5bcc7b elementor-section-height-min-height elementor-section-boxed elementor-section-height-default elementor-section-items-middle\" data-id=\"6c5bcc7b\" data-element_type=\"section\" data-e-type=\"section\" data-settings=\"{&quot;background_background&quot;:&quot;classic&quot;,&quot;shape_divider_bottom&quot;:&quot;waves&quot;}\">\n\t\t\t\t\t\t\t<div class=\"elementor-background-overlay\"><\/div>\n\t\t\t\t\t\t<div class=\"elementor-shape elementor-shape-bottom\" aria-hidden=\"true\" data-negative=\"false\">\n\t\t\t<svg xmlns=\"http:\/\/www.w3.org\/2000\/svg\" viewBox=\"0 0 1000 100\" preserveAspectRatio=\"none\">\n\t<path class=\"elementor-shape-fill\" d=\"M421.9,6.5c22.6-2.5,51.5,0.4,75.5,5.3c23.6,4.9,70.9,23.5,100.5,35.7c75.8,32.2,133.7,44.5,192.6,49.7\n\tc23.6,2.1,48.7,3.5,103.4-2.5c54.7-6,106.2-25.6,106.2-25.6V0H0v30.3c0,0,72,32.6,158.4,30.5c39.2-0.7,92.8-6.7,134-22.4\n\tc21.2-8.1,52.2-18.2,79.7-24.2C399.3,7.9,411.6,7.5,421.9,6.5z\"\/>\n<\/svg>\t\t<\/div>\n\t\t\t\t\t<div class=\"elementor-container elementor-column-gap-default\">\n\t\t\t\t\t<div class=\"elementor-column elementor-col-100 elementor-top-column elementor-element elementor-element-75c8e182\" data-id=\"75c8e182\" data-element_type=\"column\" data-e-type=\"column\">\n\t\t\t<div class=\"elementor-widget-wrap elementor-element-populated\">\n\t\t\t\t\t\t<div class=\"elementor-element elementor-element-3ef458ba elementor-widget elementor-widget-text-editor\" data-id=\"3ef458ba\" data-element_type=\"widget\" data-e-type=\"widget\" data-widget_type=\"text-editor.default\">\n\t\t\t\t<div class=\"elementor-widget-container\">\n\t\t\t\t\t\t\t\t\t<h1><span style=\"color: #ffffff;\">Sector Automoci\u00f3<\/span><\/h1>\n\t\t\t\t\t\t\t\t<\/div>\n\t\t\t\t<\/div>\n\t\t\t\t\t<\/div>\n\t\t<\/div>\n\t\t\t\t\t<\/div>\n\t\t<\/section>\n\t\t\t\t<section class=\"elementor-section elementor-top-section elementor-element elementor-element-5dae1ba elementor-section-boxed elementor-section-height-default elementor-section-height-default\" data-id=\"5dae1ba\" data-element_type=\"section\" data-e-type=\"section\">\n\t\t\t\t\t\t<div class=\"elementor-container elementor-column-gap-default\">\n\t\t\t\t\t<div class=\"elementor-column elementor-col-100 elementor-top-column elementor-element elementor-element-9a3b7dc\" data-id=\"9a3b7dc\" data-element_type=\"column\" data-e-type=\"column\">\n\t\t\t<div class=\"elementor-widget-wrap elementor-element-populated\">\n\t\t\t\t\t\t<div class=\"elementor-element elementor-element-45fa032 elementor-widget elementor-widget-heading\" data-id=\"45fa032\" data-element_type=\"widget\" data-e-type=\"widget\" data-widget_type=\"heading.default\">\n\t\t\t\t<div class=\"elementor-widget-container\">\n\t\t\t\t\t<h2 class=\"elementor-heading-title elementor-size-default\">Sector Automoci\u00f3<\/h2>\t\t\t\t<\/div>\n\t\t\t\t<\/div>\n\t\t\t\t\t<\/div>\n\t\t<\/div>\n\t\t\t\t\t<\/div>\n\t\t<\/section>\n\t\t\t\t<section class=\"elementor-section elementor-top-section elementor-element elementor-element-51ec2b9 elementor-section-boxed elementor-section-height-default elementor-section-height-default\" data-id=\"51ec2b9\" data-element_type=\"section\" data-e-type=\"section\">\n\t\t\t\t\t\t<div class=\"elementor-container elementor-column-gap-default\">\n\t\t\t\t\t<div class=\"elementor-column elementor-col-100 elementor-top-column elementor-element elementor-element-77ac46f\" data-id=\"77ac46f\" data-element_type=\"column\" data-e-type=\"column\">\n\t\t\t<div class=\"elementor-widget-wrap\">\n\t\t\t\t\t\t\t<\/div>\n\t\t<\/div>\n\t\t\t\t\t<\/div>\n\t\t<\/section>\n\t\t\t\t<section class=\"elementor-section elementor-top-section elementor-element elementor-element-e481d9b elementor-section-boxed elementor-section-height-default elementor-section-height-default\" data-id=\"e481d9b\" data-element_type=\"section\" data-e-type=\"section\">\n\t\t\t\t\t\t<div class=\"elementor-container elementor-column-gap-default\">\n\t\t\t\t\t<div class=\"elementor-column elementor-col-100 elementor-top-column elementor-element elementor-element-1868ab6\" data-id=\"1868ab6\" data-element_type=\"column\" data-e-type=\"column\">\n\t\t\t<div class=\"elementor-widget-wrap elementor-element-populated\">\n\t\t\t\t\t\t<div class=\"elementor-element elementor-element-2073964 elementor-widget elementor-widget-text-editor\" data-id=\"2073964\" data-element_type=\"widget\" data-e-type=\"widget\" data-widget_type=\"text-editor.default\">\n\t\t\t\t<div class=\"elementor-widget-container\">\n\t\t\t\t\t\t\t\t\t<p>La ind\u00fastria de l&#8217;autom\u00f2bil est\u00e0 entre els sectors que <strong>exigeixen un tractament de major intensitat en el proc\u00e9s de rentada<\/strong> dels vestuaris. Posse\u00efm tot el necessari a l&#8217;hora de fer que les <strong>peces professionals es conservin<\/strong> tan bones com el primer dia.<\/p>\n<p>Tot aix\u00f2 gr\u00e0cies a un intens treball de neteja amb el qual es mantenen intactes totes les seves qualitats. Tant els <strong>tallers com en empreses de venda de vehicles<\/strong> han d&#8217;oferir una cuidada imatge de neteja i distinci\u00f3 que els permeti desmarcar-se del conjunt del sector.<\/p>\n<p>Per a aix\u00f2, en <strong>BURBUNET<\/strong> proporcionem la m\u00e0xima atenci\u00f3 i el millor assessorament possible.<\/p>\n\t\t\t\t\t\t\t\t<\/div>\n\t\t\t\t<\/div>\n\t\t\t\t\t<\/div>\n\t\t<\/div>\n\t\t\t\t\t<\/div>\n\t\t<\/section>\n\t\t\t\t<\/div>\n\t\t","protected":false},"excerpt":{"rendered":"<p>Sector Automoci\u00f3 Sector Automoci\u00f3 La ind\u00fastria de l&#8217;autom\u00f2bil est\u00e0 entre els sectors que exigeixen un tractament de major intensitat en el proc\u00e9s de rentada dels vestuaris. Posse\u00efm tot el necessari a l&#8217;hora de fer que les peces professionals es conservin tan bones com el primer dia. Tot aix\u00f2 gr\u00e0cies a un intens treball de neteja [&hellip;]<\/p>\n","protected":false},"author":1,"featured_media":737,"parent":0,"menu_order":0,"comment_status":"closed","ping_status":"closed","template":"","meta":{"site-sidebar-layout":"no-sidebar","site-content-layout":"page-builder","ast-site-content-layout":"full-width-container","site-content-style":"unboxed","site-sidebar-style":"unboxed","ast-global-header-display":"","ast-banner-title-visibility":"","ast-main-header-display":"","ast-hfb-above-header-display":"","ast-hfb-below-header-display":"","ast-hfb-mobile-header-display":"","site-post-title":"disabled","ast-breadcrumbs-content":"","ast-featured-img":"disabled","footer-sml-layout":"","ast-disable-related-posts":"","theme-transparent-header-meta":"","adv-header-id-meta":"","stick-header-meta":"","header-above-stick-meta":"","header-main-stick-meta":"","header-below-stick-meta":"","astra-migrate-meta-layouts":"default","ast-page-background-enabled":"default","ast-page-background-meta":{"desktop":{"background-color":"var(--ast-global-color-4)","background-image":"","background-repeat":"repeat","background-position":"center center","background-size":"auto","background-attachment":"scroll","background-type":"","background-media":"","overlay-type":"","overlay-color":"","overlay-opacity":"","overlay-gradient":""},"tablet":{"background-color":"","background-image":"","background-repeat":"repeat","background-position":"center center","background-size":"auto","background-attachment":"scroll","background-type":"","background-media":"","overlay-type":"","overlay-color":"","overlay-opacity":"","overlay-gradient":""},"mobile":{"background-color":"","background-image":"","background-repeat":"repeat","background-position":"center center","background-size":"auto","background-attachment":"scroll","background-type":"","background-media":"","overlay-type":"","overlay-color":"","overlay-opacity":"","overlay-gradient":""}},"ast-content-background-meta":{"desktop":{"background-color":"var(--ast-global-color-5)","background-image":"","background-repeat":"repeat","background-position":"center center","background-size":"auto","background-attachment":"scroll","background-type":"","background-media":"","overlay-type":"","overlay-color":"","overlay-opacity":"","overlay-gradient":""},"tablet":{"background-color":"var(--ast-global-color-5)","background-image":"","background-repeat":"repeat","background-position":"center center","background-size":"auto","background-attachment":"scroll","background-type":"","background-media":"","overlay-type":"","overlay-color":"","overlay-opacity":"","overlay-gradient":""},"mobile":{"background-color":"var(--ast-global-color-5)","background-image":"","background-repeat":"repeat","background-position":"center center","background-size":"auto","background-attachment":"scroll","background-type":"","background-media":"","overlay-type":"","overlay-color":"","overlay-opacity":"","overlay-gradient":""}},"footnotes":""},"class_list":["post-2224","page","type-page","status-publish","has-post-thumbnail","hentry"],"yoast_head":"<!-- This site is optimized with the Yoast SEO plugin v27.4 - https:\/\/yoast.com\/product\/yoast-seo-wordpress\/ -->\n<title>Automoci\u00f3 - BURBUNET<\/title>\n<meta name=\"robots\" content=\"index, follow, max-snippet:-1, max-image-preview:large, max-video-preview:-1\" \/>\n<link rel=\"canonical\" href=\"https:\/\/www.burbunet.com\/ca\/automocio\/\" \/>\n<meta property=\"og:locale\" content=\"ca_ES\" \/>\n<meta property=\"og:type\" content=\"article\" \/>\n<meta property=\"og:title\" content=\"Automoci\u00f3 - BURBUNET\" \/>\n<meta property=\"og:description\" content=\"Sector Automoci\u00f3 Sector Automoci\u00f3 La ind\u00fastria de l&#8217;autom\u00f2bil est\u00e0 entre els sectors que exigeixen un tractament de major intensitat en el proc\u00e9s de rentada dels vestuaris. Posse\u00efm tot el necessari a l&#8217;hora de fer que les peces professionals es conservin tan bones com el primer dia. Tot aix\u00f2 gr\u00e0cies a un intens treball de neteja [&hellip;]\" \/>\n<meta property=\"og:url\" content=\"https:\/\/www.burbunet.com\/ca\/automocio\/\" \/>\n<meta property=\"og:site_name\" content=\"BURBUNET\" \/>\n<meta property=\"article:modified_time\" content=\"2022-02-03T11:21:52+00:00\" \/>\n<meta name=\"twitter:card\" content=\"summary_large_image\" \/>\n<meta name=\"twitter:label1\" content=\"Temps estimat de lectura\" \/>\n\t<meta name=\"twitter:data1\" content=\"1 minut\" \/>\n<script type=\"application\/ld+json\" class=\"yoast-schema-graph\">{\"@context\":\"https:\\\/\\\/schema.org\",\"@graph\":[{\"@type\":\"WebPage\",\"@id\":\"https:\\\/\\\/www.burbunet.com\\\/ca\\\/automocio\\\/\",\"url\":\"https:\\\/\\\/www.burbunet.com\\\/ca\\\/automocio\\\/\",\"name\":\"Automoci\u00f3 - BURBUNET\",\"isPartOf\":{\"@id\":\"https:\\\/\\\/www.burbunet.com\\\/ca\\\/#website\"},\"primaryImageOfPage\":{\"@id\":\"https:\\\/\\\/www.burbunet.com\\\/ca\\\/automocio\\\/#primaryimage\"},\"image\":{\"@id\":\"https:\\\/\\\/www.burbunet.com\\\/ca\\\/automocio\\\/#primaryimage\"},\"thumbnailUrl\":\"https:\\\/\\\/www.burbunet.com\\\/wp-content\\\/uploads\\\/2022\\\/01\\\/sector-automocion.jpg\",\"datePublished\":\"2022-01-31T10:35:53+00:00\",\"dateModified\":\"2022-02-03T11:21:52+00:00\",\"breadcrumb\":{\"@id\":\"https:\\\/\\\/www.burbunet.com\\\/ca\\\/automocio\\\/#breadcrumb\"},\"inLanguage\":\"ca\",\"potentialAction\":[{\"@type\":\"ReadAction\",\"target\":[\"https:\\\/\\\/www.burbunet.com\\\/ca\\\/automocio\\\/\"]}]},{\"@type\":\"ImageObject\",\"inLanguage\":\"ca\",\"@id\":\"https:\\\/\\\/www.burbunet.com\\\/ca\\\/automocio\\\/#primaryimage\",\"url\":\"https:\\\/\\\/www.burbunet.com\\\/wp-content\\\/uploads\\\/2022\\\/01\\\/sector-automocion.jpg\",\"contentUrl\":\"https:\\\/\\\/www.burbunet.com\\\/wp-content\\\/uploads\\\/2022\\\/01\\\/sector-automocion.jpg\",\"width\":1200,\"height\":600,\"caption\":\"Sector Automoci\u00f3n\"},{\"@type\":\"BreadcrumbList\",\"@id\":\"https:\\\/\\\/www.burbunet.com\\\/ca\\\/automocio\\\/#breadcrumb\",\"itemListElement\":[{\"@type\":\"ListItem\",\"position\":1,\"name\":\"Portada\",\"item\":\"https:\\\/\\\/www.burbunet.com\\\/ca\\\/\"},{\"@type\":\"ListItem\",\"position\":2,\"name\":\"Automoci\u00f3\"}]},{\"@type\":\"WebSite\",\"@id\":\"https:\\\/\\\/www.burbunet.com\\\/ca\\\/#website\",\"url\":\"https:\\\/\\\/www.burbunet.com\\\/ca\\\/\",\"name\":\"BURBUNET\",\"description\":\"Lavander&iacute;a Industrial en Barcelona\",\"publisher\":{\"@id\":\"https:\\\/\\\/www.burbunet.com\\\/ca\\\/#organization\"},\"potentialAction\":[{\"@type\":\"SearchAction\",\"target\":{\"@type\":\"EntryPoint\",\"urlTemplate\":\"https:\\\/\\\/www.burbunet.com\\\/ca\\\/?s={search_term_string}\"},\"query-input\":{\"@type\":\"PropertyValueSpecification\",\"valueRequired\":true,\"valueName\":\"search_term_string\"}}],\"inLanguage\":\"ca\"},{\"@type\":\"Organization\",\"@id\":\"https:\\\/\\\/www.burbunet.com\\\/ca\\\/#organization\",\"name\":\"BURBUNET\",\"url\":\"https:\\\/\\\/www.burbunet.com\\\/ca\\\/\",\"logo\":{\"@type\":\"ImageObject\",\"inLanguage\":\"ca\",\"@id\":\"https:\\\/\\\/www.burbunet.com\\\/ca\\\/#\\\/schema\\\/logo\\\/image\\\/\",\"url\":\"https:\\\/\\\/www.burbunet.com\\\/wp-content\\\/uploads\\\/2021\\\/12\\\/logo-burbu-1.png\",\"contentUrl\":\"https:\\\/\\\/www.burbunet.com\\\/wp-content\\\/uploads\\\/2021\\\/12\\\/logo-burbu-1.png\",\"width\":384,\"height\":146,\"caption\":\"BURBUNET\"},\"image\":{\"@id\":\"https:\\\/\\\/www.burbunet.com\\\/ca\\\/#\\\/schema\\\/logo\\\/image\\\/\"}}]}<\/script>\n<!-- \/ Yoast SEO plugin. -->","yoast_head_json":{"title":"Automoci\u00f3 - BURBUNET","robots":{"index":"index","follow":"follow","max-snippet":"max-snippet:-1","max-image-preview":"max-image-preview:large","max-video-preview":"max-video-preview:-1"},"canonical":"https:\/\/www.burbunet.com\/ca\/automocio\/","og_locale":"ca_ES","og_type":"article","og_title":"Automoci\u00f3 - BURBUNET","og_description":"Sector Automoci\u00f3 Sector Automoci\u00f3 La ind\u00fastria de l&#8217;autom\u00f2bil est\u00e0 entre els sectors que exigeixen un tractament de major intensitat en el proc\u00e9s de rentada dels vestuaris. Posse\u00efm tot el necessari a l&#8217;hora de fer que les peces professionals es conservin tan bones com el primer dia. Tot aix\u00f2 gr\u00e0cies a un intens treball de neteja [&hellip;]","og_url":"https:\/\/www.burbunet.com\/ca\/automocio\/","og_site_name":"BURBUNET","article_modified_time":"2022-02-03T11:21:52+00:00","twitter_card":"summary_large_image","twitter_misc":{"Temps estimat de lectura":"1 minut"},"schema":{"@context":"https:\/\/schema.org","@graph":[{"@type":"WebPage","@id":"https:\/\/www.burbunet.com\/ca\/automocio\/","url":"https:\/\/www.burbunet.com\/ca\/automocio\/","name":"Automoci\u00f3 - BURBUNET","isPartOf":{"@id":"https:\/\/www.burbunet.com\/ca\/#website"},"primaryImageOfPage":{"@id":"https:\/\/www.burbunet.com\/ca\/automocio\/#primaryimage"},"image":{"@id":"https:\/\/www.burbunet.com\/ca\/automocio\/#primaryimage"},"thumbnailUrl":"https:\/\/www.burbunet.com\/wp-content\/uploads\/2022\/01\/sector-automocion.jpg","datePublished":"2022-01-31T10:35:53+00:00","dateModified":"2022-02-03T11:21:52+00:00","breadcrumb":{"@id":"https:\/\/www.burbunet.com\/ca\/automocio\/#breadcrumb"},"inLanguage":"ca","potentialAction":[{"@type":"ReadAction","target":["https:\/\/www.burbunet.com\/ca\/automocio\/"]}]},{"@type":"ImageObject","inLanguage":"ca","@id":"https:\/\/www.burbunet.com\/ca\/automocio\/#primaryimage","url":"https:\/\/www.burbunet.com\/wp-content\/uploads\/2022\/01\/sector-automocion.jpg","contentUrl":"https:\/\/www.burbunet.com\/wp-content\/uploads\/2022\/01\/sector-automocion.jpg","width":1200,"height":600,"caption":"Sector Automoci\u00f3n"},{"@type":"BreadcrumbList","@id":"https:\/\/www.burbunet.com\/ca\/automocio\/#breadcrumb","itemListElement":[{"@type":"ListItem","position":1,"name":"Portada","item":"https:\/\/www.burbunet.com\/ca\/"},{"@type":"ListItem","position":2,"name":"Automoci\u00f3"}]},{"@type":"WebSite","@id":"https:\/\/www.burbunet.com\/ca\/#website","url":"https:\/\/www.burbunet.com\/ca\/","name":"BURBUNET","description":"Lavander&iacute;a Industrial en Barcelona","publisher":{"@id":"https:\/\/www.burbunet.com\/ca\/#organization"},"potentialAction":[{"@type":"SearchAction","target":{"@type":"EntryPoint","urlTemplate":"https:\/\/www.burbunet.com\/ca\/?s={search_term_string}"},"query-input":{"@type":"PropertyValueSpecification","valueRequired":true,"valueName":"search_term_string"}}],"inLanguage":"ca"},{"@type":"Organization","@id":"https:\/\/www.burbunet.com\/ca\/#organization","name":"BURBUNET","url":"https:\/\/www.burbunet.com\/ca\/","logo":{"@type":"ImageObject","inLanguage":"ca","@id":"https:\/\/www.burbunet.com\/ca\/#\/schema\/logo\/image\/","url":"https:\/\/www.burbunet.com\/wp-content\/uploads\/2021\/12\/logo-burbu-1.png","contentUrl":"https:\/\/www.burbunet.com\/wp-content\/uploads\/2021\/12\/logo-burbu-1.png","width":384,"height":146,"caption":"BURBUNET"},"image":{"@id":"https:\/\/www.burbunet.com\/ca\/#\/schema\/logo\/image\/"}}]}},"_links":{"self":[{"href":"https:\/\/www.burbunet.com\/ca\/wp-json\/wp\/v2\/pages\/2224","targetHints":{"allow":["GET"]}}],"collection":[{"href":"https:\/\/www.burbunet.com\/ca\/wp-json\/wp\/v2\/pages"}],"about":[{"href":"https:\/\/www.burbunet.com\/ca\/wp-json\/wp\/v2\/types\/page"}],"author":[{"embeddable":true,"href":"https:\/\/www.burbunet.com\/ca\/wp-json\/wp\/v2\/users\/1"}],"replies":[{"embeddable":true,"href":"https:\/\/www.burbunet.com\/ca\/wp-json\/wp\/v2\/comments?post=2224"}],"version-history":[{"count":0,"href":"https:\/\/www.burbunet.com\/ca\/wp-json\/wp\/v2\/pages\/2224\/revisions"}],"wp:featuredmedia":[{"embeddable":true,"href":"https:\/\/www.burbunet.com\/ca\/wp-json\/wp\/v2\/media\/737"}],"wp:attachment":[{"href":"https:\/\/www.burbunet.com\/ca\/wp-json\/wp\/v2\/media?parent=2224"}],"curies":[{"name":"wp","href":"https:\/\/api.w.org\/{rel}","templated":true}]}}