{"id":2322,"date":"2022-01-31T16:02:43","date_gmt":"2022-01-31T15:02:43","guid":{"rendered":"https:\/\/www.burbunet.com\/sector-enginyeria\/"},"modified":"2022-01-31T16:02:44","modified_gmt":"2022-01-31T15:02:44","slug":"sector-enginyeria","status":"publish","type":"page","link":"https:\/\/www.burbunet.com\/ca\/sector-enginyeria\/","title":{"rendered":"Sector Enginyeria"},"content":{"rendered":"\t\t<div data-elementor-type=\"wp-page\" data-elementor-id=\"2322\" class=\"elementor elementor-2322 elementor-1352\" data-elementor-post-type=\"page\">\n\t\t\t\t\t\t<section class=\"elementor-section elementor-top-section elementor-element elementor-element-50314e88 elementor-section-height-min-height elementor-section-boxed elementor-section-height-default elementor-section-items-middle\" data-id=\"50314e88\" data-element_type=\"section\" data-e-type=\"section\" data-settings=\"{&quot;background_background&quot;:&quot;classic&quot;,&quot;shape_divider_bottom&quot;:&quot;waves&quot;}\">\n\t\t\t\t\t\t\t<div class=\"elementor-background-overlay\"><\/div>\n\t\t\t\t\t\t<div class=\"elementor-shape elementor-shape-bottom\" aria-hidden=\"true\" data-negative=\"false\">\n\t\t\t<svg xmlns=\"http:\/\/www.w3.org\/2000\/svg\" viewBox=\"0 0 1000 100\" preserveAspectRatio=\"none\">\n\t<path class=\"elementor-shape-fill\" d=\"M421.9,6.5c22.6-2.5,51.5,0.4,75.5,5.3c23.6,4.9,70.9,23.5,100.5,35.7c75.8,32.2,133.7,44.5,192.6,49.7\n\tc23.6,2.1,48.7,3.5,103.4-2.5c54.7-6,106.2-25.6,106.2-25.6V0H0v30.3c0,0,72,32.6,158.4,30.5c39.2-0.7,92.8-6.7,134-22.4\n\tc21.2-8.1,52.2-18.2,79.7-24.2C399.3,7.9,411.6,7.5,421.9,6.5z\"\/>\n<\/svg>\t\t<\/div>\n\t\t\t\t\t<div class=\"elementor-container elementor-column-gap-default\">\n\t\t\t\t\t<div class=\"elementor-column elementor-col-100 elementor-top-column elementor-element elementor-element-356b4082\" data-id=\"356b4082\" data-element_type=\"column\" data-e-type=\"column\">\n\t\t\t<div class=\"elementor-widget-wrap elementor-element-populated\">\n\t\t\t\t\t\t<div class=\"elementor-element elementor-element-2903b0db elementor-widget elementor-widget-text-editor\" data-id=\"2903b0db\" data-element_type=\"widget\" data-e-type=\"widget\" data-widget_type=\"text-editor.default\">\n\t\t\t\t<div class=\"elementor-widget-container\">\n\t\t\t\t\t\t\t\t\t<h1><span style=\"color: #ffffff;\">Sector Enginyeria<\/span><\/h1>\n\t\t\t\t\t\t\t\t<\/div>\n\t\t\t\t<\/div>\n\t\t\t\t\t<\/div>\n\t\t<\/div>\n\t\t\t\t\t<\/div>\n\t\t<\/section>\n\t\t\t\t<section class=\"elementor-section elementor-top-section elementor-element elementor-element-36270d79 elementor-section-boxed elementor-section-height-default elementor-section-height-default\" data-id=\"36270d79\" data-element_type=\"section\" data-e-type=\"section\">\n\t\t\t\t\t\t<div class=\"elementor-container elementor-column-gap-default\">\n\t\t\t\t\t<div class=\"elementor-column elementor-col-100 elementor-top-column elementor-element elementor-element-4cfb9bbf\" data-id=\"4cfb9bbf\" data-element_type=\"column\" data-e-type=\"column\">\n\t\t\t<div class=\"elementor-widget-wrap elementor-element-populated\">\n\t\t\t\t\t\t<div class=\"elementor-element elementor-element-2285c82e elementor-widget elementor-widget-heading\" data-id=\"2285c82e\" data-element_type=\"widget\" data-e-type=\"widget\" data-widget_type=\"heading.default\">\n\t\t\t\t<div class=\"elementor-widget-container\">\n\t\t\t\t\t<h2 class=\"elementor-heading-title elementor-size-default\">El seu vestuari de treball est\u00e0 protegit amb nosaltres<\/h2>\t\t\t\t<\/div>\n\t\t\t\t<\/div>\n\t\t\t\t<div class=\"elementor-element elementor-element-4ab3cdb6 elementor-widget elementor-widget-text-editor\" data-id=\"4ab3cdb6\" data-element_type=\"widget\" data-e-type=\"widget\" data-widget_type=\"text-editor.default\">\n\t\t\t\t<div class=\"elementor-widget-container\">\n\t\t\t\t\t\t\t\t\t<p>El <b>sector de l&#8217;Enginyeria<\/b> exigeix als seus treballadors l&#8217;\u00fas <b>de roba de protecci\u00f3<\/b>. <b>Aquestes peces no es poden rentar a casa<\/b> i\u00a0han de netejar-se professionalment amb processos i productes adequats.<\/p>\n<p>El tractament de neteja efica\u00e7 per a la roba del sector de l&#8217;enginyeria \u00e9s obligatori. La forma en qu\u00e8 es tracta la roba de treball \u00e9s molt important, ja que <b>ha de protegir el seu usuari de subst\u00e0ncies algunes vegades perilloses per a la salut<\/b>.<\/p>\n<p><strong>El servei de BURBUNET brinda el tractament de neteja m\u00e9s efectiu per a aquestes peces i tamb\u00e9 augmenta la seva vida \u00fatil<\/strong>.<\/p>\n\t\t\t\t\t\t\t\t<\/div>\n\t\t\t\t<\/div>\n\t\t\t\t\t<\/div>\n\t\t<\/div>\n\t\t\t\t\t<\/div>\n\t\t<\/section>\n\t\t\t\t<section class=\"elementor-section elementor-top-section elementor-element elementor-element-731c851b elementor-section-content-middle elementor-section-boxed elementor-section-height-default elementor-section-height-default\" data-id=\"731c851b\" data-element_type=\"section\" data-e-type=\"section\" data-settings=\"{&quot;background_background&quot;:&quot;classic&quot;}\">\n\t\t\t\t\t\t<div class=\"elementor-container elementor-column-gap-no\">\n\t\t\t\t\t<div class=\"elementor-column elementor-col-50 elementor-top-column elementor-element elementor-element-47dbe4d1\" data-id=\"47dbe4d1\" data-element_type=\"column\" data-e-type=\"column\">\n\t\t\t<div class=\"elementor-widget-wrap elementor-element-populated\">\n\t\t\t\t\t\t<div class=\"elementor-element elementor-element-159fff09 elementor-invisible elementor-widget elementor-widget-heading\" data-id=\"159fff09\" data-element_type=\"widget\" data-e-type=\"widget\" data-settings=\"{&quot;_animation&quot;:&quot;fadeIn&quot;}\" data-widget_type=\"heading.default\">\n\t\t\t\t<div class=\"elementor-widget-container\">\n\t\t\t\t\t<h2 class=\"elementor-heading-title elementor-size-default\">Amb els nostres serveis de rentada la indument\u00e0ria de la seva empresa estar\u00e0 en bones mans.<\/h2>\t\t\t\t<\/div>\n\t\t\t\t<\/div>\n\t\t\t\t<div class=\"elementor-element elementor-element-42d58707 elementor-invisible elementor-widget elementor-widget-text-editor\" data-id=\"42d58707\" data-element_type=\"widget\" data-e-type=\"widget\" data-settings=\"{&quot;_animation&quot;:&quot;fadeInDown&quot;}\" data-widget_type=\"text-editor.default\">\n\t\t\t\t<div class=\"elementor-widget-container\">\n\t\t\t\t\t\t\t\t\t<p>Contacti&#8217;ns avui mateix i obtindr\u00e0 un pressupost adequat a les seves necessitats<\/p>\n\t\t\t\t\t\t\t\t<\/div>\n\t\t\t\t<\/div>\n\t\t\t\t\t<\/div>\n\t\t<\/div>\n\t\t\t\t<div class=\"elementor-column elementor-col-50 elementor-top-column elementor-element elementor-element-1904253\" data-id=\"1904253\" data-element_type=\"column\" data-e-type=\"column\">\n\t\t\t<div class=\"elementor-widget-wrap elementor-element-populated\">\n\t\t\t\t\t\t<div class=\"elementor-element elementor-element-622f397f elementor-align-center elementor-widget elementor-widget-button\" data-id=\"622f397f\" data-element_type=\"widget\" data-e-type=\"widget\" data-widget_type=\"button.default\">\n\t\t\t\t<div class=\"elementor-widget-container\">\n\t\t\t\t\t\t\t\t\t<div class=\"elementor-button-wrapper\">\n\t\t\t\t\t<a class=\"elementor-button elementor-button-link elementor-size-sm\" href=\"https:\/\/www.burbunet.com\/ca\/demanar-pressupost\/\">\n\t\t\t\t\t\t<span class=\"elementor-button-content-wrapper\">\n\t\t\t\t\t\t\t\t\t<span class=\"elementor-button-text\">M\u00e9s informaci\u00f3<\/span>\n\t\t\t\t\t<\/span>\n\t\t\t\t\t<\/a>\n\t\t\t\t<\/div>\n\t\t\t\t\t\t\t\t<\/div>\n\t\t\t\t<\/div>\n\t\t\t\t\t<\/div>\n\t\t<\/div>\n\t\t\t\t\t<\/div>\n\t\t<\/section>\n\t\t\t\t<\/div>\n\t\t","protected":false},"excerpt":{"rendered":"<p>Sector Enginyeria El seu vestuari de treball est\u00e0 protegit amb nosaltres El sector de l&#8217;Enginyeria exigeix als seus treballadors l&#8217;\u00fas de roba de protecci\u00f3. Aquestes peces no es poden rentar a casa i\u00a0han de netejar-se professionalment amb processos i productes adequats. El tractament de neteja efica\u00e7 per a la roba del sector de l&#8217;enginyeria \u00e9s [&hellip;]<\/p>\n","protected":false},"author":1,"featured_media":0,"parent":0,"menu_order":0,"comment_status":"closed","ping_status":"closed","template":"","meta":{"site-sidebar-layout":"no-sidebar","site-content-layout":"page-builder","ast-site-content-layout":"default","site-content-style":"default","site-sidebar-style":"default","ast-global-header-display":"","ast-banner-title-visibility":"","ast-main-header-display":"","ast-hfb-above-header-display":"","ast-hfb-below-header-display":"","ast-hfb-mobile-header-display":"","site-post-title":"disabled","ast-breadcrumbs-content":"","ast-featured-img":"disabled","footer-sml-layout":"","ast-disable-related-posts":"","theme-transparent-header-meta":"","adv-header-id-meta":"","stick-header-meta":"","header-above-stick-meta":"","header-main-stick-meta":"","header-below-stick-meta":"","astra-migrate-meta-layouts":"default","ast-page-background-enabled":"default","ast-page-background-meta":{"desktop":{"background-color":"var(--ast-global-color-4)","background-image":"","background-repeat":"repeat","background-position":"center center","background-size":"auto","background-attachment":"scroll","background-type":"","background-media":"","overlay-type":"","overlay-color":"","overlay-opacity":"","overlay-gradient":""},"tablet":{"background-color":"","background-image":"","background-repeat":"repeat","background-position":"center center","background-size":"auto","background-attachment":"scroll","background-type":"","background-media":"","overlay-type":"","overlay-color":"","overlay-opacity":"","overlay-gradient":""},"mobile":{"background-color":"","background-image":"","background-repeat":"repeat","background-position":"center center","background-size":"auto","background-attachment":"scroll","background-type":"","background-media":"","overlay-type":"","overlay-color":"","overlay-opacity":"","overlay-gradient":""}},"ast-content-background-meta":{"desktop":{"background-color":"var(--ast-global-color-5)","background-image":"","background-repeat":"repeat","background-position":"center center","background-size":"auto","background-attachment":"scroll","background-type":"","background-media":"","overlay-type":"","overlay-color":"","overlay-opacity":"","overlay-gradient":""},"tablet":{"background-color":"var(--ast-global-color-5)","background-image":"","background-repeat":"repeat","background-position":"center center","background-size":"auto","background-attachment":"scroll","background-type":"","background-media":"","overlay-type":"","overlay-color":"","overlay-opacity":"","overlay-gradient":""},"mobile":{"background-color":"var(--ast-global-color-5)","background-image":"","background-repeat":"repeat","background-position":"center center","background-size":"auto","background-attachment":"scroll","background-type":"","background-media":"","overlay-type":"","overlay-color":"","overlay-opacity":"","overlay-gradient":""}},"footnotes":""},"class_list":["post-2322","page","type-page","status-publish","hentry"],"yoast_head":"<!-- This site is optimized with the Yoast SEO plugin v27.4 - https:\/\/yoast.com\/product\/yoast-seo-wordpress\/ -->\n<title>Sector Enginyeria - BURBUNET<\/title>\n<meta name=\"robots\" content=\"index, follow, max-snippet:-1, max-image-preview:large, max-video-preview:-1\" \/>\n<link rel=\"canonical\" href=\"https:\/\/www.burbunet.com\/ca\/sector-enginyeria\/\" \/>\n<meta property=\"og:locale\" content=\"ca_ES\" \/>\n<meta property=\"og:type\" content=\"article\" \/>\n<meta property=\"og:title\" content=\"Sector Enginyeria - BURBUNET\" \/>\n<meta property=\"og:description\" content=\"Sector Enginyeria El seu vestuari de treball est\u00e0 protegit amb nosaltres El sector de l&#8217;Enginyeria exigeix als seus treballadors l&#8217;\u00fas de roba de protecci\u00f3. Aquestes peces no es poden rentar a casa i\u00a0han de netejar-se professionalment amb processos i productes adequats. El tractament de neteja efica\u00e7 per a la roba del sector de l&#8217;enginyeria \u00e9s [&hellip;]\" \/>\n<meta property=\"og:url\" content=\"https:\/\/www.burbunet.com\/ca\/sector-enginyeria\/\" \/>\n<meta property=\"og:site_name\" content=\"BURBUNET\" \/>\n<meta property=\"article:modified_time\" content=\"2022-01-31T15:02:44+00:00\" \/>\n<meta name=\"twitter:card\" content=\"summary_large_image\" \/>\n<meta name=\"twitter:label1\" content=\"Temps estimat de lectura\" \/>\n\t<meta name=\"twitter:data1\" content=\"1 minut\" \/>\n<script type=\"application\/ld+json\" class=\"yoast-schema-graph\">{\"@context\":\"https:\\\/\\\/schema.org\",\"@graph\":[{\"@type\":\"WebPage\",\"@id\":\"https:\\\/\\\/www.burbunet.com\\\/ca\\\/sector-enginyeria\\\/\",\"url\":\"https:\\\/\\\/www.burbunet.com\\\/ca\\\/sector-enginyeria\\\/\",\"name\":\"Sector Enginyeria - BURBUNET\",\"isPartOf\":{\"@id\":\"https:\\\/\\\/www.burbunet.com\\\/ca\\\/#website\"},\"datePublished\":\"2022-01-31T15:02:43+00:00\",\"dateModified\":\"2022-01-31T15:02:44+00:00\",\"breadcrumb\":{\"@id\":\"https:\\\/\\\/www.burbunet.com\\\/ca\\\/sector-enginyeria\\\/#breadcrumb\"},\"inLanguage\":\"ca\",\"potentialAction\":[{\"@type\":\"ReadAction\",\"target\":[\"https:\\\/\\\/www.burbunet.com\\\/ca\\\/sector-enginyeria\\\/\"]}]},{\"@type\":\"BreadcrumbList\",\"@id\":\"https:\\\/\\\/www.burbunet.com\\\/ca\\\/sector-enginyeria\\\/#breadcrumb\",\"itemListElement\":[{\"@type\":\"ListItem\",\"position\":1,\"name\":\"Portada\",\"item\":\"https:\\\/\\\/www.burbunet.com\\\/ca\\\/\"},{\"@type\":\"ListItem\",\"position\":2,\"name\":\"Sector Enginyeria\"}]},{\"@type\":\"WebSite\",\"@id\":\"https:\\\/\\\/www.burbunet.com\\\/ca\\\/#website\",\"url\":\"https:\\\/\\\/www.burbunet.com\\\/ca\\\/\",\"name\":\"BURBUNET\",\"description\":\"Lavander&iacute;a Industrial en Barcelona\",\"publisher\":{\"@id\":\"https:\\\/\\\/www.burbunet.com\\\/ca\\\/#organization\"},\"potentialAction\":[{\"@type\":\"SearchAction\",\"target\":{\"@type\":\"EntryPoint\",\"urlTemplate\":\"https:\\\/\\\/www.burbunet.com\\\/ca\\\/?s={search_term_string}\"},\"query-input\":{\"@type\":\"PropertyValueSpecification\",\"valueRequired\":true,\"valueName\":\"search_term_string\"}}],\"inLanguage\":\"ca\"},{\"@type\":\"Organization\",\"@id\":\"https:\\\/\\\/www.burbunet.com\\\/ca\\\/#organization\",\"name\":\"BURBUNET\",\"url\":\"https:\\\/\\\/www.burbunet.com\\\/ca\\\/\",\"logo\":{\"@type\":\"ImageObject\",\"inLanguage\":\"ca\",\"@id\":\"https:\\\/\\\/www.burbunet.com\\\/ca\\\/#\\\/schema\\\/logo\\\/image\\\/\",\"url\":\"https:\\\/\\\/www.burbunet.com\\\/wp-content\\\/uploads\\\/2021\\\/12\\\/logo-burbu-1.png\",\"contentUrl\":\"https:\\\/\\\/www.burbunet.com\\\/wp-content\\\/uploads\\\/2021\\\/12\\\/logo-burbu-1.png\",\"width\":384,\"height\":146,\"caption\":\"BURBUNET\"},\"image\":{\"@id\":\"https:\\\/\\\/www.burbunet.com\\\/ca\\\/#\\\/schema\\\/logo\\\/image\\\/\"}}]}<\/script>\n<!-- \/ Yoast SEO plugin. -->","yoast_head_json":{"title":"Sector Enginyeria - BURBUNET","robots":{"index":"index","follow":"follow","max-snippet":"max-snippet:-1","max-image-preview":"max-image-preview:large","max-video-preview":"max-video-preview:-1"},"canonical":"https:\/\/www.burbunet.com\/ca\/sector-enginyeria\/","og_locale":"ca_ES","og_type":"article","og_title":"Sector Enginyeria - BURBUNET","og_description":"Sector Enginyeria El seu vestuari de treball est\u00e0 protegit amb nosaltres El sector de l&#8217;Enginyeria exigeix als seus treballadors l&#8217;\u00fas de roba de protecci\u00f3. Aquestes peces no es poden rentar a casa i\u00a0han de netejar-se professionalment amb processos i productes adequats. El tractament de neteja efica\u00e7 per a la roba del sector de l&#8217;enginyeria \u00e9s [&hellip;]","og_url":"https:\/\/www.burbunet.com\/ca\/sector-enginyeria\/","og_site_name":"BURBUNET","article_modified_time":"2022-01-31T15:02:44+00:00","twitter_card":"summary_large_image","twitter_misc":{"Temps estimat de lectura":"1 minut"},"schema":{"@context":"https:\/\/schema.org","@graph":[{"@type":"WebPage","@id":"https:\/\/www.burbunet.com\/ca\/sector-enginyeria\/","url":"https:\/\/www.burbunet.com\/ca\/sector-enginyeria\/","name":"Sector Enginyeria - BURBUNET","isPartOf":{"@id":"https:\/\/www.burbunet.com\/ca\/#website"},"datePublished":"2022-01-31T15:02:43+00:00","dateModified":"2022-01-31T15:02:44+00:00","breadcrumb":{"@id":"https:\/\/www.burbunet.com\/ca\/sector-enginyeria\/#breadcrumb"},"inLanguage":"ca","potentialAction":[{"@type":"ReadAction","target":["https:\/\/www.burbunet.com\/ca\/sector-enginyeria\/"]}]},{"@type":"BreadcrumbList","@id":"https:\/\/www.burbunet.com\/ca\/sector-enginyeria\/#breadcrumb","itemListElement":[{"@type":"ListItem","position":1,"name":"Portada","item":"https:\/\/www.burbunet.com\/ca\/"},{"@type":"ListItem","position":2,"name":"Sector Enginyeria"}]},{"@type":"WebSite","@id":"https:\/\/www.burbunet.com\/ca\/#website","url":"https:\/\/www.burbunet.com\/ca\/","name":"BURBUNET","description":"Lavander&iacute;a Industrial en Barcelona","publisher":{"@id":"https:\/\/www.burbunet.com\/ca\/#organization"},"potentialAction":[{"@type":"SearchAction","target":{"@type":"EntryPoint","urlTemplate":"https:\/\/www.burbunet.com\/ca\/?s={search_term_string}"},"query-input":{"@type":"PropertyValueSpecification","valueRequired":true,"valueName":"search_term_string"}}],"inLanguage":"ca"},{"@type":"Organization","@id":"https:\/\/www.burbunet.com\/ca\/#organization","name":"BURBUNET","url":"https:\/\/www.burbunet.com\/ca\/","logo":{"@type":"ImageObject","inLanguage":"ca","@id":"https:\/\/www.burbunet.com\/ca\/#\/schema\/logo\/image\/","url":"https:\/\/www.burbunet.com\/wp-content\/uploads\/2021\/12\/logo-burbu-1.png","contentUrl":"https:\/\/www.burbunet.com\/wp-content\/uploads\/2021\/12\/logo-burbu-1.png","width":384,"height":146,"caption":"BURBUNET"},"image":{"@id":"https:\/\/www.burbunet.com\/ca\/#\/schema\/logo\/image\/"}}]}},"_links":{"self":[{"href":"https:\/\/www.burbunet.com\/ca\/wp-json\/wp\/v2\/pages\/2322","targetHints":{"allow":["GET"]}}],"collection":[{"href":"https:\/\/www.burbunet.com\/ca\/wp-json\/wp\/v2\/pages"}],"about":[{"href":"https:\/\/www.burbunet.com\/ca\/wp-json\/wp\/v2\/types\/page"}],"author":[{"embeddable":true,"href":"https:\/\/www.burbunet.com\/ca\/wp-json\/wp\/v2\/users\/1"}],"replies":[{"embeddable":true,"href":"https:\/\/www.burbunet.com\/ca\/wp-json\/wp\/v2\/comments?post=2322"}],"version-history":[{"count":0,"href":"https:\/\/www.burbunet.com\/ca\/wp-json\/wp\/v2\/pages\/2322\/revisions"}],"wp:attachment":[{"href":"https:\/\/www.burbunet.com\/ca\/wp-json\/wp\/v2\/media?parent=2322"}],"curies":[{"name":"wp","href":"https:\/\/api.w.org\/{rel}","templated":true}]}}