{"id":2324,"date":"2022-01-31T16:08:43","date_gmt":"2022-01-31T15:08:43","guid":{"rendered":"https:\/\/www.burbunet.com\/sector-quimic\/"},"modified":"2022-03-14T12:09:37","modified_gmt":"2022-03-14T11:09:37","slug":"sector-quimic","status":"publish","type":"page","link":"https:\/\/www.burbunet.com\/ca\/sector-quimic\/","title":{"rendered":"Sector Qu\u00edmic"},"content":{"rendered":"\t\t<div data-elementor-type=\"wp-page\" data-elementor-id=\"2324\" class=\"elementor elementor-2324 elementor-1281\" data-elementor-post-type=\"page\">\n\t\t\t\t\t\t<section class=\"elementor-section elementor-top-section elementor-element elementor-element-6c820052 elementor-section-height-min-height elementor-section-boxed elementor-section-height-default elementor-section-items-middle\" data-id=\"6c820052\" data-element_type=\"section\" data-e-type=\"section\" data-settings=\"{&quot;background_background&quot;:&quot;classic&quot;,&quot;shape_divider_bottom&quot;:&quot;waves&quot;}\">\n\t\t\t\t\t\t\t<div class=\"elementor-background-overlay\"><\/div>\n\t\t\t\t\t\t<div class=\"elementor-shape elementor-shape-bottom\" aria-hidden=\"true\" data-negative=\"false\">\n\t\t\t<svg xmlns=\"http:\/\/www.w3.org\/2000\/svg\" viewBox=\"0 0 1000 100\" preserveAspectRatio=\"none\">\n\t<path class=\"elementor-shape-fill\" d=\"M421.9,6.5c22.6-2.5,51.5,0.4,75.5,5.3c23.6,4.9,70.9,23.5,100.5,35.7c75.8,32.2,133.7,44.5,192.6,49.7\n\tc23.6,2.1,48.7,3.5,103.4-2.5c54.7-6,106.2-25.6,106.2-25.6V0H0v30.3c0,0,72,32.6,158.4,30.5c39.2-0.7,92.8-6.7,134-22.4\n\tc21.2-8.1,52.2-18.2,79.7-24.2C399.3,7.9,411.6,7.5,421.9,6.5z\"\/>\n<\/svg>\t\t<\/div>\n\t\t\t\t\t<div class=\"elementor-container elementor-column-gap-default\">\n\t\t\t\t\t<div class=\"elementor-column elementor-col-100 elementor-top-column elementor-element elementor-element-16427a2e\" data-id=\"16427a2e\" data-element_type=\"column\" data-e-type=\"column\">\n\t\t\t<div class=\"elementor-widget-wrap elementor-element-populated\">\n\t\t\t\t\t\t<div class=\"elementor-element elementor-element-792671cf elementor-widget elementor-widget-text-editor\" data-id=\"792671cf\" data-element_type=\"widget\" data-e-type=\"widget\" data-widget_type=\"text-editor.default\">\n\t\t\t\t<div class=\"elementor-widget-container\">\n\t\t\t\t\t\t\t\t\t<h1><span style=\"color: #ffffff;\">Sector<br \/>\nQu\u00edmic<\/span><\/h1>\n\t\t\t\t\t\t\t\t<\/div>\n\t\t\t\t<\/div>\n\t\t\t\t\t<\/div>\n\t\t<\/div>\n\t\t\t\t\t<\/div>\n\t\t<\/section>\n\t\t\t\t<section class=\"elementor-section elementor-top-section elementor-element elementor-element-3ab4c54b elementor-section-boxed elementor-section-height-default elementor-section-height-default\" data-id=\"3ab4c54b\" data-element_type=\"section\" data-e-type=\"section\">\n\t\t\t\t\t\t<div class=\"elementor-container elementor-column-gap-default\">\n\t\t\t\t\t<div class=\"elementor-column elementor-col-100 elementor-top-column elementor-element elementor-element-53e10b16\" data-id=\"53e10b16\" data-element_type=\"column\" data-e-type=\"column\">\n\t\t\t<div class=\"elementor-widget-wrap elementor-element-populated\">\n\t\t\t\t\t\t<div class=\"elementor-element elementor-element-2583bb30 elementor-widget elementor-widget-heading\" data-id=\"2583bb30\" data-element_type=\"widget\" data-e-type=\"widget\" data-widget_type=\"heading.default\">\n\t\t\t\t<div class=\"elementor-widget-container\">\n\t\t\t\t\t<h2 class=\"elementor-heading-title elementor-size-default\">La ind\u00fastria qu\u00edmica ha de comptar amb un vestuari professional de primer nivell.<\/h2>\t\t\t\t<\/div>\n\t\t\t\t<\/div>\n\t\t\t\t<div class=\"elementor-element elementor-element-409b1fe elementor-widget elementor-widget-text-editor\" data-id=\"409b1fe\" data-element_type=\"widget\" data-e-type=\"widget\" data-widget_type=\"text-editor.default\">\n\t\t\t\t<div class=\"elementor-widget-container\">\n\t\t\t\t\t\t\t\t\t<p>Els equips <strong>equips de protecci\u00f3 individual (EPIS)<\/strong> destinats al sector dels productes qu\u00edmics, han estat dissenyats per a garantir la seguretat de les persones en entorns de treball d&#8217;alt risc, contra esquitxades de tota mena de l\u00edquids i productes perillosos.<\/p><p>Els EPIS requereixen uns <strong>processos de neteja i manteniment molt rigorosos per a mantenir intactes les seves propietats de protecci\u00f3<\/strong>.<\/p><p>En <strong>Burbunet<\/strong> els procediments de neteja per als EPIS s&#8217;ajusten a <strong>l&#8217;estricte compliment dels protocols indicats pels fabricants de la roba<\/strong>.<\/p><p>En aquest sentit procedim amb <strong>tractaments espec\u00edfics<\/strong>, emprant productes adequats com impermeabilizants de la m\u00e9s alta qualitat, per a preservar les qualitats repel\u00b7lents dels teixits. Tamb\u00e9 <strong>assignem un codi de barres a cada pe\u00e7a<\/strong>, que ens permet disposar d&#8217;informaci\u00f3 vital per a garantir les normes seguretat mes exigents,<\/p><p><strong>En Burbunet estem especialitzats en el manteniment de EPIS des de fa molts anys<\/strong>.<\/p>\t\t\t\t\t\t\t\t<\/div>\n\t\t\t\t<\/div>\n\t\t\t\t\t<\/div>\n\t\t<\/div>\n\t\t\t\t\t<\/div>\n\t\t<\/section>\n\t\t\t\t<section class=\"elementor-section elementor-top-section elementor-element elementor-element-41b591fc elementor-section-content-middle elementor-section-boxed elementor-section-height-default elementor-section-height-default\" data-id=\"41b591fc\" data-element_type=\"section\" data-e-type=\"section\" data-settings=\"{&quot;background_background&quot;:&quot;classic&quot;}\">\n\t\t\t\t\t\t<div class=\"elementor-container elementor-column-gap-no\">\n\t\t\t\t\t<div class=\"elementor-column elementor-col-50 elementor-top-column elementor-element elementor-element-66c5ca9f\" data-id=\"66c5ca9f\" data-element_type=\"column\" data-e-type=\"column\">\n\t\t\t<div class=\"elementor-widget-wrap elementor-element-populated\">\n\t\t\t\t\t\t<div class=\"elementor-element elementor-element-3defdeb2 elementor-invisible elementor-widget elementor-widget-heading\" data-id=\"3defdeb2\" data-element_type=\"widget\" data-e-type=\"widget\" data-settings=\"{&quot;_animation&quot;:&quot;fadeIn&quot;}\" data-widget_type=\"heading.default\">\n\t\t\t\t<div class=\"elementor-widget-container\">\n\t\t\t\t\t<h2 class=\"elementor-heading-title elementor-size-default\">Amb els nostres serveis de rentada la roba de treball de la seva empresa estar\u00e0 en bones mans.<\/h2>\t\t\t\t<\/div>\n\t\t\t\t<\/div>\n\t\t\t\t<div class=\"elementor-element elementor-element-29018c2c elementor-invisible elementor-widget elementor-widget-text-editor\" data-id=\"29018c2c\" data-element_type=\"widget\" data-e-type=\"widget\" data-settings=\"{&quot;_animation&quot;:&quot;fadeInDown&quot;}\" data-widget_type=\"text-editor.default\">\n\t\t\t\t<div class=\"elementor-widget-container\">\n\t\t\t\t\t\t\t\t\t<p>Contacti&#8217;ns avui mateix i obtindr\u00e0 un pressupost adequat a les seves necessitats<\/p>\n\t\t\t\t\t\t\t\t<\/div>\n\t\t\t\t<\/div>\n\t\t\t\t\t<\/div>\n\t\t<\/div>\n\t\t\t\t<div class=\"elementor-column elementor-col-50 elementor-top-column elementor-element elementor-element-37475236\" data-id=\"37475236\" data-element_type=\"column\" data-e-type=\"column\">\n\t\t\t<div class=\"elementor-widget-wrap elementor-element-populated\">\n\t\t\t\t\t\t<div class=\"elementor-element elementor-element-7ee881a1 elementor-align-center elementor-widget elementor-widget-button\" data-id=\"7ee881a1\" data-element_type=\"widget\" data-e-type=\"widget\" data-widget_type=\"button.default\">\n\t\t\t\t<div class=\"elementor-widget-container\">\n\t\t\t\t\t\t\t\t\t<div class=\"elementor-button-wrapper\">\n\t\t\t\t\t<a class=\"elementor-button elementor-button-link elementor-size-sm\" href=\"https:\/\/www.burbunet.com\/ca\/demanar-pressupost\/\">\n\t\t\t\t\t\t<span class=\"elementor-button-content-wrapper\">\n\t\t\t\t\t\t\t\t\t<span class=\"elementor-button-text\">M\u00e9s informaci\u00f3<\/span>\n\t\t\t\t\t<\/span>\n\t\t\t\t\t<\/a>\n\t\t\t\t<\/div>\n\t\t\t\t\t\t\t\t<\/div>\n\t\t\t\t<\/div>\n\t\t\t\t\t<\/div>\n\t\t<\/div>\n\t\t\t\t\t<\/div>\n\t\t<\/section>\n\t\t\t\t<\/div>\n\t\t","protected":false},"excerpt":{"rendered":"<p>Sector Qu\u00edmic La ind\u00fastria qu\u00edmica ha de comptar amb un vestuari professional de primer nivell. Els equips equips de protecci\u00f3 individual (EPIS) destinats al sector dels productes qu\u00edmics, han estat dissenyats per a garantir la seguretat de les persones en entorns de treball d&#8217;alt risc, contra esquitxades de tota mena de l\u00edquids i productes perillosos. [&hellip;]<\/p>\n","protected":false},"author":1,"featured_media":1241,"parent":0,"menu_order":0,"comment_status":"closed","ping_status":"closed","template":"","meta":{"site-sidebar-layout":"no-sidebar","site-content-layout":"page-builder","ast-site-content-layout":"default","site-content-style":"default","site-sidebar-style":"default","ast-global-header-display":"","ast-banner-title-visibility":"","ast-main-header-display":"","ast-hfb-above-header-display":"","ast-hfb-below-header-display":"","ast-hfb-mobile-header-display":"","site-post-title":"disabled","ast-breadcrumbs-content":"","ast-featured-img":"disabled","footer-sml-layout":"","ast-disable-related-posts":"","theme-transparent-header-meta":"","adv-header-id-meta":"","stick-header-meta":"","header-above-stick-meta":"","header-main-stick-meta":"","header-below-stick-meta":"","astra-migrate-meta-layouts":"default","ast-page-background-enabled":"default","ast-page-background-meta":{"desktop":{"background-color":"var(--ast-global-color-4)","background-image":"","background-repeat":"repeat","background-position":"center center","background-size":"auto","background-attachment":"scroll","background-type":"","background-media":"","overlay-type":"","overlay-color":"","overlay-opacity":"","overlay-gradient":""},"tablet":{"background-color":"","background-image":"","background-repeat":"repeat","background-position":"center center","background-size":"auto","background-attachment":"scroll","background-type":"","background-media":"","overlay-type":"","overlay-color":"","overlay-opacity":"","overlay-gradient":""},"mobile":{"background-color":"","background-image":"","background-repeat":"repeat","background-position":"center center","background-size":"auto","background-attachment":"scroll","background-type":"","background-media":"","overlay-type":"","overlay-color":"","overlay-opacity":"","overlay-gradient":""}},"ast-content-background-meta":{"desktop":{"background-color":"var(--ast-global-color-5)","background-image":"","background-repeat":"repeat","background-position":"center center","background-size":"auto","background-attachment":"scroll","background-type":"","background-media":"","overlay-type":"","overlay-color":"","overlay-opacity":"","overlay-gradient":""},"tablet":{"background-color":"var(--ast-global-color-5)","background-image":"","background-repeat":"repeat","background-position":"center center","background-size":"auto","background-attachment":"scroll","background-type":"","background-media":"","overlay-type":"","overlay-color":"","overlay-opacity":"","overlay-gradient":""},"mobile":{"background-color":"var(--ast-global-color-5)","background-image":"","background-repeat":"repeat","background-position":"center center","background-size":"auto","background-attachment":"scroll","background-type":"","background-media":"","overlay-type":"","overlay-color":"","overlay-opacity":"","overlay-gradient":""}},"footnotes":""},"class_list":["post-2324","page","type-page","status-publish","has-post-thumbnail","hentry"],"yoast_head":"<!-- This site is optimized with the Yoast SEO plugin v27.4 - https:\/\/yoast.com\/product\/yoast-seo-wordpress\/ -->\n<title>Sector Qu\u00edmic - BURBUNET<\/title>\n<meta name=\"robots\" content=\"index, follow, max-snippet:-1, max-image-preview:large, max-video-preview:-1\" \/>\n<link rel=\"canonical\" href=\"https:\/\/www.burbunet.com\/ca\/sector-quimic\/\" \/>\n<meta property=\"og:locale\" content=\"ca_ES\" \/>\n<meta property=\"og:type\" content=\"article\" \/>\n<meta property=\"og:title\" content=\"Sector Qu\u00edmic - BURBUNET\" \/>\n<meta property=\"og:description\" content=\"Sector Qu\u00edmic La ind\u00fastria qu\u00edmica ha de comptar amb un vestuari professional de primer nivell. Els equips equips de protecci\u00f3 individual (EPIS) destinats al sector dels productes qu\u00edmics, han estat dissenyats per a garantir la seguretat de les persones en entorns de treball d&#8217;alt risc, contra esquitxades de tota mena de l\u00edquids i productes perillosos. [&hellip;]\" \/>\n<meta property=\"og:url\" content=\"https:\/\/www.burbunet.com\/ca\/sector-quimic\/\" \/>\n<meta property=\"og:site_name\" content=\"BURBUNET\" \/>\n<meta property=\"article:modified_time\" content=\"2022-03-14T11:09:37+00:00\" \/>\n<meta property=\"og:image\" content=\"https:\/\/www.burbunet.com\/wp-content\/uploads\/2022\/01\/quimica.jpg\" \/>\n\t<meta property=\"og:image:width\" content=\"1200\" \/>\n\t<meta property=\"og:image:height\" content=\"600\" \/>\n\t<meta property=\"og:image:type\" content=\"image\/jpeg\" \/>\n<meta name=\"twitter:card\" content=\"summary_large_image\" \/>\n<meta name=\"twitter:label1\" content=\"Temps estimat de lectura\" \/>\n\t<meta name=\"twitter:data1\" content=\"2 minuts\" \/>\n<script type=\"application\/ld+json\" class=\"yoast-schema-graph\">{\"@context\":\"https:\\\/\\\/schema.org\",\"@graph\":[{\"@type\":\"WebPage\",\"@id\":\"https:\\\/\\\/www.burbunet.com\\\/ca\\\/sector-quimic\\\/\",\"url\":\"https:\\\/\\\/www.burbunet.com\\\/ca\\\/sector-quimic\\\/\",\"name\":\"Sector Qu\u00edmic - BURBUNET\",\"isPartOf\":{\"@id\":\"https:\\\/\\\/www.burbunet.com\\\/ca\\\/#website\"},\"primaryImageOfPage\":{\"@id\":\"https:\\\/\\\/www.burbunet.com\\\/ca\\\/sector-quimic\\\/#primaryimage\"},\"image\":{\"@id\":\"https:\\\/\\\/www.burbunet.com\\\/ca\\\/sector-quimic\\\/#primaryimage\"},\"thumbnailUrl\":\"https:\\\/\\\/www.burbunet.com\\\/wp-content\\\/uploads\\\/2022\\\/01\\\/quimica.jpg\",\"datePublished\":\"2022-01-31T15:08:43+00:00\",\"dateModified\":\"2022-03-14T11:09:37+00:00\",\"breadcrumb\":{\"@id\":\"https:\\\/\\\/www.burbunet.com\\\/ca\\\/sector-quimic\\\/#breadcrumb\"},\"inLanguage\":\"ca\",\"potentialAction\":[{\"@type\":\"ReadAction\",\"target\":[\"https:\\\/\\\/www.burbunet.com\\\/ca\\\/sector-quimic\\\/\"]}]},{\"@type\":\"ImageObject\",\"inLanguage\":\"ca\",\"@id\":\"https:\\\/\\\/www.burbunet.com\\\/ca\\\/sector-quimic\\\/#primaryimage\",\"url\":\"https:\\\/\\\/www.burbunet.com\\\/wp-content\\\/uploads\\\/2022\\\/01\\\/quimica.jpg\",\"contentUrl\":\"https:\\\/\\\/www.burbunet.com\\\/wp-content\\\/uploads\\\/2022\\\/01\\\/quimica.jpg\",\"width\":1200,\"height\":600,\"caption\":\"Industria Qu\u00edmica\"},{\"@type\":\"BreadcrumbList\",\"@id\":\"https:\\\/\\\/www.burbunet.com\\\/ca\\\/sector-quimic\\\/#breadcrumb\",\"itemListElement\":[{\"@type\":\"ListItem\",\"position\":1,\"name\":\"Portada\",\"item\":\"https:\\\/\\\/www.burbunet.com\\\/ca\\\/\"},{\"@type\":\"ListItem\",\"position\":2,\"name\":\"Sector Qu\u00edmic\"}]},{\"@type\":\"WebSite\",\"@id\":\"https:\\\/\\\/www.burbunet.com\\\/ca\\\/#website\",\"url\":\"https:\\\/\\\/www.burbunet.com\\\/ca\\\/\",\"name\":\"BURBUNET\",\"description\":\"Lavander&iacute;a Industrial en Barcelona\",\"publisher\":{\"@id\":\"https:\\\/\\\/www.burbunet.com\\\/ca\\\/#organization\"},\"potentialAction\":[{\"@type\":\"SearchAction\",\"target\":{\"@type\":\"EntryPoint\",\"urlTemplate\":\"https:\\\/\\\/www.burbunet.com\\\/ca\\\/?s={search_term_string}\"},\"query-input\":{\"@type\":\"PropertyValueSpecification\",\"valueRequired\":true,\"valueName\":\"search_term_string\"}}],\"inLanguage\":\"ca\"},{\"@type\":\"Organization\",\"@id\":\"https:\\\/\\\/www.burbunet.com\\\/ca\\\/#organization\",\"name\":\"BURBUNET\",\"url\":\"https:\\\/\\\/www.burbunet.com\\\/ca\\\/\",\"logo\":{\"@type\":\"ImageObject\",\"inLanguage\":\"ca\",\"@id\":\"https:\\\/\\\/www.burbunet.com\\\/ca\\\/#\\\/schema\\\/logo\\\/image\\\/\",\"url\":\"https:\\\/\\\/www.burbunet.com\\\/wp-content\\\/uploads\\\/2021\\\/12\\\/logo-burbu-1.png\",\"contentUrl\":\"https:\\\/\\\/www.burbunet.com\\\/wp-content\\\/uploads\\\/2021\\\/12\\\/logo-burbu-1.png\",\"width\":384,\"height\":146,\"caption\":\"BURBUNET\"},\"image\":{\"@id\":\"https:\\\/\\\/www.burbunet.com\\\/ca\\\/#\\\/schema\\\/logo\\\/image\\\/\"}}]}<\/script>\n<!-- \/ Yoast SEO plugin. -->","yoast_head_json":{"title":"Sector Qu\u00edmic - BURBUNET","robots":{"index":"index","follow":"follow","max-snippet":"max-snippet:-1","max-image-preview":"max-image-preview:large","max-video-preview":"max-video-preview:-1"},"canonical":"https:\/\/www.burbunet.com\/ca\/sector-quimic\/","og_locale":"ca_ES","og_type":"article","og_title":"Sector Qu\u00edmic - BURBUNET","og_description":"Sector Qu\u00edmic La ind\u00fastria qu\u00edmica ha de comptar amb un vestuari professional de primer nivell. Els equips equips de protecci\u00f3 individual (EPIS) destinats al sector dels productes qu\u00edmics, han estat dissenyats per a garantir la seguretat de les persones en entorns de treball d&#8217;alt risc, contra esquitxades de tota mena de l\u00edquids i productes perillosos. [&hellip;]","og_url":"https:\/\/www.burbunet.com\/ca\/sector-quimic\/","og_site_name":"BURBUNET","article_modified_time":"2022-03-14T11:09:37+00:00","og_image":[{"width":1200,"height":600,"url":"https:\/\/www.burbunet.com\/wp-content\/uploads\/2022\/01\/quimica.jpg","type":"image\/jpeg"}],"twitter_card":"summary_large_image","twitter_misc":{"Temps estimat de lectura":"2 minuts"},"schema":{"@context":"https:\/\/schema.org","@graph":[{"@type":"WebPage","@id":"https:\/\/www.burbunet.com\/ca\/sector-quimic\/","url":"https:\/\/www.burbunet.com\/ca\/sector-quimic\/","name":"Sector Qu\u00edmic - BURBUNET","isPartOf":{"@id":"https:\/\/www.burbunet.com\/ca\/#website"},"primaryImageOfPage":{"@id":"https:\/\/www.burbunet.com\/ca\/sector-quimic\/#primaryimage"},"image":{"@id":"https:\/\/www.burbunet.com\/ca\/sector-quimic\/#primaryimage"},"thumbnailUrl":"https:\/\/www.burbunet.com\/wp-content\/uploads\/2022\/01\/quimica.jpg","datePublished":"2022-01-31T15:08:43+00:00","dateModified":"2022-03-14T11:09:37+00:00","breadcrumb":{"@id":"https:\/\/www.burbunet.com\/ca\/sector-quimic\/#breadcrumb"},"inLanguage":"ca","potentialAction":[{"@type":"ReadAction","target":["https:\/\/www.burbunet.com\/ca\/sector-quimic\/"]}]},{"@type":"ImageObject","inLanguage":"ca","@id":"https:\/\/www.burbunet.com\/ca\/sector-quimic\/#primaryimage","url":"https:\/\/www.burbunet.com\/wp-content\/uploads\/2022\/01\/quimica.jpg","contentUrl":"https:\/\/www.burbunet.com\/wp-content\/uploads\/2022\/01\/quimica.jpg","width":1200,"height":600,"caption":"Industria Qu\u00edmica"},{"@type":"BreadcrumbList","@id":"https:\/\/www.burbunet.com\/ca\/sector-quimic\/#breadcrumb","itemListElement":[{"@type":"ListItem","position":1,"name":"Portada","item":"https:\/\/www.burbunet.com\/ca\/"},{"@type":"ListItem","position":2,"name":"Sector Qu\u00edmic"}]},{"@type":"WebSite","@id":"https:\/\/www.burbunet.com\/ca\/#website","url":"https:\/\/www.burbunet.com\/ca\/","name":"BURBUNET","description":"Lavander&iacute;a Industrial en Barcelona","publisher":{"@id":"https:\/\/www.burbunet.com\/ca\/#organization"},"potentialAction":[{"@type":"SearchAction","target":{"@type":"EntryPoint","urlTemplate":"https:\/\/www.burbunet.com\/ca\/?s={search_term_string}"},"query-input":{"@type":"PropertyValueSpecification","valueRequired":true,"valueName":"search_term_string"}}],"inLanguage":"ca"},{"@type":"Organization","@id":"https:\/\/www.burbunet.com\/ca\/#organization","name":"BURBUNET","url":"https:\/\/www.burbunet.com\/ca\/","logo":{"@type":"ImageObject","inLanguage":"ca","@id":"https:\/\/www.burbunet.com\/ca\/#\/schema\/logo\/image\/","url":"https:\/\/www.burbunet.com\/wp-content\/uploads\/2021\/12\/logo-burbu-1.png","contentUrl":"https:\/\/www.burbunet.com\/wp-content\/uploads\/2021\/12\/logo-burbu-1.png","width":384,"height":146,"caption":"BURBUNET"},"image":{"@id":"https:\/\/www.burbunet.com\/ca\/#\/schema\/logo\/image\/"}}]}},"_links":{"self":[{"href":"https:\/\/www.burbunet.com\/ca\/wp-json\/wp\/v2\/pages\/2324","targetHints":{"allow":["GET"]}}],"collection":[{"href":"https:\/\/www.burbunet.com\/ca\/wp-json\/wp\/v2\/pages"}],"about":[{"href":"https:\/\/www.burbunet.com\/ca\/wp-json\/wp\/v2\/types\/page"}],"author":[{"embeddable":true,"href":"https:\/\/www.burbunet.com\/ca\/wp-json\/wp\/v2\/users\/1"}],"replies":[{"embeddable":true,"href":"https:\/\/www.burbunet.com\/ca\/wp-json\/wp\/v2\/comments?post=2324"}],"version-history":[{"count":14,"href":"https:\/\/www.burbunet.com\/ca\/wp-json\/wp\/v2\/pages\/2324\/revisions"}],"predecessor-version":[{"id":2666,"href":"https:\/\/www.burbunet.com\/ca\/wp-json\/wp\/v2\/pages\/2324\/revisions\/2666"}],"wp:featuredmedia":[{"embeddable":true,"href":"https:\/\/www.burbunet.com\/ca\/wp-json\/wp\/v2\/media\/1241"}],"wp:attachment":[{"href":"https:\/\/www.burbunet.com\/ca\/wp-json\/wp\/v2\/media?parent=2324"}],"curies":[{"name":"wp","href":"https:\/\/api.w.org\/{rel}","templated":true}]}}